{"id":217,"date":"2023-04-18T09:49:12","date_gmt":"2023-04-18T09:49:12","guid":{"rendered":"https:\/\/valencianmusicoffice.com\/anuario\/?page_id=217"},"modified":"2026-01-21T11:36:48","modified_gmt":"2026-01-21T11:36:48","slug":"anuario-cas","status":"publish","type":"page","link":"https:\/\/valencianmusicoffice.com\/anuario\/anuario-cas\/","title":{"rendered":"anuario-cas"},"content":{"rendered":"\t\t<div data-elementor-type=\"wp-page\" data-elementor-id=\"217\" class=\"elementor elementor-217\">\n\t\t\t\t\t\t\t\t\t<section class=\"elementor-section elementor-top-section elementor-element elementor-element-033e215 elementor-section-boxed elementor-section-height-default elementor-section-height-default\" data-id=\"033e215\" data-element_type=\"section\" data-settings=\"{&quot;background_background&quot;:&quot;classic&quot;}\">\n\t\t\t\t\t\t<div class=\"elementor-container elementor-column-gap-default\">\n\t\t\t\t\t<div class=\"elementor-column elementor-col-100 elementor-top-column elementor-element elementor-element-b2a9cda\" data-id=\"b2a9cda\" data-element_type=\"column\">\n\t\t\t<div class=\"elementor-widget-wrap elementor-element-populated\">\n\t\t\t\t\t\t\t\t<div class=\"elementor-element elementor-element-e222395 elementor-widget elementor-widget-spacer\" data-id=\"e222395\" data-element_type=\"widget\" data-widget_type=\"spacer.default\">\n\t\t\t\t<div class=\"elementor-widget-container\">\n\t\t\t<style>\/*! elementor - v3.12.1 - 02-04-2023 *\/\n.elementor-column .elementor-spacer-inner{height:var(--spacer-size)}.e-con{--container-widget-width:100%}.e-con-inner>.elementor-widget-spacer,.e-con>.elementor-widget-spacer{width:var(--container-widget-width,var(--spacer-size));--align-self:var(--container-widget-align-self,initial);--flex-shrink:0}.e-con-inner>.elementor-widget-spacer>.elementor-widget-container,.e-con-inner>.elementor-widget-spacer>.elementor-widget-container>.elementor-spacer,.e-con>.elementor-widget-spacer>.elementor-widget-container,.e-con>.elementor-widget-spacer>.elementor-widget-container>.elementor-spacer{height:100%}.e-con-inner>.elementor-widget-spacer>.elementor-widget-container>.elementor-spacer>.elementor-spacer-inner,.e-con>.elementor-widget-spacer>.elementor-widget-container>.elementor-spacer>.elementor-spacer-inner{height:var(--container-widget-height,var(--spacer-size))}<\/style>\t\t<div class=\"elementor-spacer\">\n\t\t\t<div class=\"elementor-spacer-inner\"><\/div>\n\t\t<\/div>\n\t\t\t\t<\/div>\n\t\t\t\t<\/div>\n\t\t\t\t<div class=\"elementor-element elementor-element-23c9967 elementor-widget elementor-widget-heading\" data-id=\"23c9967\" data-element_type=\"widget\" data-widget_type=\"heading.default\">\n\t\t\t\t<div class=\"elementor-widget-container\">\n\t\t\t<style>\/*! elementor - v3.12.1 - 02-04-2023 *\/\n.elementor-heading-title{padding:0;margin:0;line-height:1}.elementor-widget-heading .elementor-heading-title[class*=elementor-size-]>a{color:inherit;font-size:inherit;line-height:inherit}.elementor-widget-heading .elementor-heading-title.elementor-size-small{font-size:15px}.elementor-widget-heading .elementor-heading-title.elementor-size-medium{font-size:19px}.elementor-widget-heading .elementor-heading-title.elementor-size-large{font-size:29px}.elementor-widget-heading .elementor-heading-title.elementor-size-xl{font-size:39px}.elementor-widget-heading .elementor-heading-title.elementor-size-xxl{font-size:59px}<\/style><h2 class=\"elementor-heading-title elementor-size-default\">El Institut Valenci\u00e0 de Cutura y la Federaci\u00f3 Valenciana de la Ind\u00fastria Musical (Fevim) crean el Anuario de la M\u00fasica Valenciana, un anuario que recoge los principales datos de la industria musical y que nace como respuesta a la falta de un corpus estad\u00edstico propio que permita conocer en profundidad la situaci\u00f3n del sector y estructurar estrategias de desarrollo.<\/h2>\t\t<\/div>\n\t\t\t\t<\/div>\n\t\t\t\t<div class=\"elementor-element elementor-element-1c00a3d elementor-widget elementor-widget-spacer\" data-id=\"1c00a3d\" data-element_type=\"widget\" data-widget_type=\"spacer.default\">\n\t\t\t\t<div class=\"elementor-widget-container\">\n\t\t\t\t\t<div class=\"elementor-spacer\">\n\t\t\t<div class=\"elementor-spacer-inner\"><\/div>\n\t\t<\/div>\n\t\t\t\t<\/div>\n\t\t\t\t<\/div>\n\t\t\t\t\t<\/div>\n\t\t<\/div>\n\t\t\t\t\t\t\t<\/div>\n\t\t<\/section>\n\t\t\t\t<section class=\"elementor-section elementor-top-section elementor-element elementor-element-80bf780 elementor-section-boxed elementor-section-height-default elementor-section-height-default\" data-id=\"80bf780\" data-element_type=\"section\" data-settings=\"{&quot;background_background&quot;:&quot;classic&quot;}\">\n\t\t\t\t\t\t<div class=\"elementor-container elementor-column-gap-default\">\n\t\t\t\t\t<div class=\"elementor-column elementor-col-50 elementor-top-column elementor-element elementor-element-ad63c7a\" data-id=\"ad63c7a\" data-element_type=\"column\">\n\t\t\t<div class=\"elementor-widget-wrap elementor-element-populated\">\n\t\t\t\t\t\t\t\t<div class=\"elementor-element elementor-element-a0495c7 elementor-widget elementor-widget-image\" data-id=\"a0495c7\" data-element_type=\"widget\" data-widget_type=\"image.default\">\n\t\t\t\t<div class=\"elementor-widget-container\">\n\t\t\t<style>\/*! elementor - v3.12.1 - 02-04-2023 *\/\n.elementor-widget-image{text-align:center}.elementor-widget-image a{display:inline-block}.elementor-widget-image a img[src$=\".svg\"]{width:48px}.elementor-widget-image img{vertical-align:middle;display:inline-block}<\/style>\t\t\t\t\t\t\t\t\t\t\t\t\t<a href=\"https:\/\/valencianmusicoffice.com\/anuario\/wp-content\/uploads\/2026\/01\/AnuarioVAMDigital_2025.pdf\" target=\"_blank\">\n\t\t\t\t\t\t\t<img loading=\"lazy\" decoding=\"async\" width=\"1932\" height=\"2560\" src=\"https:\/\/valencianmusicoffice.com\/anuario\/wp-content\/uploads\/2026\/01\/ANUARIO-2025-scaled.jpg\" class=\"attachment-full size-full wp-image-551\" alt=\"\" srcset=\"https:\/\/valencianmusicoffice.com\/anuario\/wp-content\/uploads\/2026\/01\/ANUARIO-2025-scaled.jpg 1932w, https:\/\/valencianmusicoffice.com\/anuario\/wp-content\/uploads\/2026\/01\/ANUARIO-2025-226x300.jpg 226w, https:\/\/valencianmusicoffice.com\/anuario\/wp-content\/uploads\/2026\/01\/ANUARIO-2025-773x1024.jpg 773w, https:\/\/valencianmusicoffice.com\/anuario\/wp-content\/uploads\/2026\/01\/ANUARIO-2025-768x1018.jpg 768w, https:\/\/valencianmusicoffice.com\/anuario\/wp-content\/uploads\/2026\/01\/ANUARIO-2025-1159x1536.jpg 1159w, https:\/\/valencianmusicoffice.com\/anuario\/wp-content\/uploads\/2026\/01\/ANUARIO-2025-1545x2048.jpg 1545w, https:\/\/valencianmusicoffice.com\/anuario\/wp-content\/uploads\/2026\/01\/ANUARIO-2025-604x800.jpg 604w\" sizes=\"auto, (max-width: 1932px) 100vw, 1932px\" \/>\t\t\t\t\t\t\t\t<\/a>\n\t\t\t\t\t\t\t\t\t\t\t\t\t\t\t<\/div>\n\t\t\t\t<\/div>\n\t\t\t\t<div class=\"elementor-element elementor-element-b87fd76 elementor-widget elementor-widget-heading\" data-id=\"b87fd76\" data-element_type=\"widget\" data-widget_type=\"heading.default\">\n\t\t\t\t<div class=\"elementor-widget-container\">\n\t\t\t<h2 class=\"elementor-heading-title elementor-size-default\">Anuario 2025 de la M\u00fasica en la Comunitat Valenciana<\/h2>\t\t<\/div>\n\t\t\t\t<\/div>\n\t\t\t\t<div class=\"elementor-element elementor-element-70e2b6d elementor-align-center elementor-widget elementor-widget-button\" data-id=\"70e2b6d\" data-element_type=\"widget\" data-widget_type=\"button.default\">\n\t\t\t\t<div class=\"elementor-widget-container\">\n\t\t\t\t\t<div class=\"elementor-button-wrapper\">\n\t\t\t<a href=\"https:\/\/valencianmusicoffice.com\/anuario\/wp-content\/uploads\/2026\/01\/AnuarioVAMDigital_2025.pdf\" target=\"_blank\" class=\"elementor-button-link elementor-button elementor-size-xs\" role=\"button\">\n\t\t\t\t\t\t<span class=\"elementor-button-content-wrapper\">\n\t\t\t\t\t\t<span class=\"elementor-button-text\">DESCARGA<\/span>\n\t\t<\/span>\n\t\t\t\t\t<\/a>\n\t\t<\/div>\n\t\t\t\t<\/div>\n\t\t\t\t<\/div>\n\t\t\t\t\t<\/div>\n\t\t<\/div>\n\t\t\t\t<div class=\"elementor-column elementor-col-50 elementor-top-column elementor-element elementor-element-215fdce\" data-id=\"215fdce\" data-element_type=\"column\">\n\t\t\t<div class=\"elementor-widget-wrap elementor-element-populated\">\n\t\t\t\t\t\t\t\t<div class=\"elementor-element elementor-element-87a6a26 elementor-widget elementor-widget-image\" data-id=\"87a6a26\" data-element_type=\"widget\" data-widget_type=\"image.default\">\n\t\t\t\t<div class=\"elementor-widget-container\">\n\t\t\t\t\t\t\t\t\t\t\t\t\t\t\t\t<a href=\"https:\/\/valencianmusicoffice.com\/anuario\/wp-content\/uploads\/2024\/07\/Anuario2024_CAS_web.pdf\" target=\"_blank\">\n\t\t\t\t\t\t\t<img loading=\"lazy\" decoding=\"async\" width=\"1932\" height=\"2560\" src=\"https:\/\/valencianmusicoffice.com\/anuario\/wp-content\/uploads\/2024\/07\/Anuario2024_CAS_web-1-1-scaled.jpg\" class=\"attachment-full size-full wp-image-540\" alt=\"\" srcset=\"https:\/\/valencianmusicoffice.com\/anuario\/wp-content\/uploads\/2024\/07\/Anuario2024_CAS_web-1-1-scaled.jpg 1932w, https:\/\/valencianmusicoffice.com\/anuario\/wp-content\/uploads\/2024\/07\/Anuario2024_CAS_web-1-1-226x300.jpg 226w, https:\/\/valencianmusicoffice.com\/anuario\/wp-content\/uploads\/2024\/07\/Anuario2024_CAS_web-1-1-773x1024.jpg 773w, https:\/\/valencianmusicoffice.com\/anuario\/wp-content\/uploads\/2024\/07\/Anuario2024_CAS_web-1-1-768x1018.jpg 768w, https:\/\/valencianmusicoffice.com\/anuario\/wp-content\/uploads\/2024\/07\/Anuario2024_CAS_web-1-1-1159x1536.jpg 1159w, https:\/\/valencianmusicoffice.com\/anuario\/wp-content\/uploads\/2024\/07\/Anuario2024_CAS_web-1-1-1545x2048.jpg 1545w, https:\/\/valencianmusicoffice.com\/anuario\/wp-content\/uploads\/2024\/07\/Anuario2024_CAS_web-1-1-604x800.jpg 604w\" sizes=\"auto, (max-width: 1932px) 100vw, 1932px\" \/>\t\t\t\t\t\t\t\t<\/a>\n\t\t\t\t\t\t\t\t\t\t\t\t\t\t\t<\/div>\n\t\t\t\t<\/div>\n\t\t\t\t<div class=\"elementor-element elementor-element-25b5f4d elementor-widget elementor-widget-heading\" data-id=\"25b5f4d\" data-element_type=\"widget\" data-widget_type=\"heading.default\">\n\t\t\t\t<div class=\"elementor-widget-container\">\n\t\t\t<h2 class=\"elementor-heading-title elementor-size-default\">Anuario 2024 de la M\u00fasica en la Comunitat Valenciana\u200b<\/h2>\t\t<\/div>\n\t\t\t\t<\/div>\n\t\t\t\t<div class=\"elementor-element elementor-element-2daae23 elementor-align-center elementor-widget elementor-widget-button\" data-id=\"2daae23\" data-element_type=\"widget\" data-widget_type=\"button.default\">\n\t\t\t\t<div class=\"elementor-widget-container\">\n\t\t\t\t\t<div class=\"elementor-button-wrapper\">\n\t\t\t<a href=\"https:\/\/valencianmusicoffice.com\/anuario\/wp-content\/uploads\/2024\/07\/Anuario2024_CAS_web.pdf\" target=\"_blank\" class=\"elementor-button-link elementor-button elementor-size-xs\" role=\"button\">\n\t\t\t\t\t\t<span class=\"elementor-button-content-wrapper\">\n\t\t\t\t\t\t<span class=\"elementor-button-text\">DESCARGA<\/span>\n\t\t<\/span>\n\t\t\t\t\t<\/a>\n\t\t<\/div>\n\t\t\t\t<\/div>\n\t\t\t\t<\/div>\n\t\t\t\t\t<\/div>\n\t\t<\/div>\n\t\t\t\t\t\t\t<\/div>\n\t\t<\/section>\n\t\t\t\t<section class=\"elementor-section elementor-top-section elementor-element elementor-element-4c1c625 elementor-section-boxed elementor-section-height-default elementor-section-height-default\" data-id=\"4c1c625\" data-element_type=\"section\" data-settings=\"{&quot;background_background&quot;:&quot;classic&quot;}\">\n\t\t\t\t\t\t<div class=\"elementor-container elementor-column-gap-default\">\n\t\t\t\t\t<div class=\"elementor-column elementor-col-100 elementor-top-column elementor-element elementor-element-d15f4af\" data-id=\"d15f4af\" data-element_type=\"column\">\n\t\t\t<div class=\"elementor-widget-wrap elementor-element-populated\">\n\t\t\t\t\t\t\t\t<div class=\"elementor-element elementor-element-464667b elementor-widget elementor-widget-spacer\" data-id=\"464667b\" data-element_type=\"widget\" data-widget_type=\"spacer.default\">\n\t\t\t\t<div class=\"elementor-widget-container\">\n\t\t\t\t\t<div class=\"elementor-spacer\">\n\t\t\t<div class=\"elementor-spacer-inner\"><\/div>\n\t\t<\/div>\n\t\t\t\t<\/div>\n\t\t\t\t<\/div>\n\t\t\t\t\t<\/div>\n\t\t<\/div>\n\t\t\t\t\t\t\t<\/div>\n\t\t<\/section>\n\t\t\t\t<section class=\"elementor-section elementor-top-section elementor-element elementor-element-acc217e elementor-section-boxed elementor-section-height-default elementor-section-height-default\" data-id=\"acc217e\" data-element_type=\"section\" data-settings=\"{&quot;background_background&quot;:&quot;classic&quot;}\">\n\t\t\t\t\t\t<div class=\"elementor-container elementor-column-gap-default\">\n\t\t\t\t\t<div class=\"elementor-column elementor-col-50 elementor-top-column elementor-element elementor-element-4afd9c2\" data-id=\"4afd9c2\" data-element_type=\"column\">\n\t\t\t<div class=\"elementor-widget-wrap elementor-element-populated\">\n\t\t\t\t\t\t\t\t<div class=\"elementor-element elementor-element-8c79502 elementor-widget elementor-widget-image\" data-id=\"8c79502\" data-element_type=\"widget\" data-widget_type=\"image.default\">\n\t\t\t\t<div class=\"elementor-widget-container\">\n\t\t\t\t\t\t\t\t\t\t\t\t\t\t\t\t<a href=\"https:\/\/valencianmusicoffice.com\/anuario\/wp-content\/uploads\/2023\/04\/ANUARIOCAS.pdf\" target=\"_blank\">\n\t\t\t\t\t\t\t<img loading=\"lazy\" decoding=\"async\" width=\"1932\" height=\"2560\" src=\"https:\/\/valencianmusicoffice.com\/anuario\/wp-content\/uploads\/2024\/07\/ANUARIO-02-scaled.jpg\" class=\"attachment-full size-full wp-image-516\" alt=\"\" srcset=\"https:\/\/valencianmusicoffice.com\/anuario\/wp-content\/uploads\/2024\/07\/ANUARIO-02-scaled.jpg 1932w, https:\/\/valencianmusicoffice.com\/anuario\/wp-content\/uploads\/2024\/07\/ANUARIO-02-226x300.jpg 226w, https:\/\/valencianmusicoffice.com\/anuario\/wp-content\/uploads\/2024\/07\/ANUARIO-02-773x1024.jpg 773w, https:\/\/valencianmusicoffice.com\/anuario\/wp-content\/uploads\/2024\/07\/ANUARIO-02-768x1018.jpg 768w, https:\/\/valencianmusicoffice.com\/anuario\/wp-content\/uploads\/2024\/07\/ANUARIO-02-1159x1536.jpg 1159w, https:\/\/valencianmusicoffice.com\/anuario\/wp-content\/uploads\/2024\/07\/ANUARIO-02-1545x2048.jpg 1545w, https:\/\/valencianmusicoffice.com\/anuario\/wp-content\/uploads\/2024\/07\/ANUARIO-02-604x800.jpg 604w\" sizes=\"auto, (max-width: 1932px) 100vw, 1932px\" \/>\t\t\t\t\t\t\t\t<\/a>\n\t\t\t\t\t\t\t\t\t\t\t\t\t\t\t<\/div>\n\t\t\t\t<\/div>\n\t\t\t\t<div class=\"elementor-element elementor-element-e29ffa4 elementor-widget elementor-widget-heading\" data-id=\"e29ffa4\" data-element_type=\"widget\" data-widget_type=\"heading.default\">\n\t\t\t\t<div class=\"elementor-widget-container\">\n\t\t\t<h2 class=\"elementor-heading-title elementor-size-default\">\u201cA\u00f1o Zero\u201d El Anuario de la M\u00fasica Valenciana<\/h2>\t\t<\/div>\n\t\t\t\t<\/div>\n\t\t\t\t<div class=\"elementor-element elementor-element-850e49d elementor-align-center elementor-widget elementor-widget-button\" data-id=\"850e49d\" data-element_type=\"widget\" data-widget_type=\"button.default\">\n\t\t\t\t<div class=\"elementor-widget-container\">\n\t\t\t\t\t<div class=\"elementor-button-wrapper\">\n\t\t\t<a href=\"https:\/\/valencianmusicoffice.com\/anuario\/wp-content\/uploads\/2023\/04\/ANUARIOCAS.pdf\" target=\"_blank\" class=\"elementor-button-link elementor-button elementor-size-xs\" role=\"button\">\n\t\t\t\t\t\t<span class=\"elementor-button-content-wrapper\">\n\t\t\t\t\t\t<span class=\"elementor-button-text\">DESCARGA<\/span>\n\t\t<\/span>\n\t\t\t\t\t<\/a>\n\t\t<\/div>\n\t\t\t\t<\/div>\n\t\t\t\t<\/div>\n\t\t\t\t\t<\/div>\n\t\t<\/div>\n\t\t\t\t<div class=\"elementor-column elementor-col-50 elementor-top-column elementor-element elementor-element-ebf544f\" data-id=\"ebf544f\" data-element_type=\"column\">\n\t\t\t<div class=\"elementor-widget-wrap\">\n\t\t\t\t\t\t\t\t\t<\/div>\n\t\t<\/div>\n\t\t\t\t\t\t\t<\/div>\n\t\t<\/section>\n\t\t\t\t<section class=\"elementor-section elementor-top-section elementor-element elementor-element-ee1f21b elementor-section-boxed elementor-section-height-default elementor-section-height-default\" data-id=\"ee1f21b\" data-element_type=\"section\" data-settings=\"{&quot;background_background&quot;:&quot;classic&quot;}\">\n\t\t\t\t\t\t<div class=\"elementor-container elementor-column-gap-default\">\n\t\t\t\t\t<div class=\"elementor-column elementor-col-100 elementor-top-column elementor-element elementor-element-7e7772c\" data-id=\"7e7772c\" data-element_type=\"column\">\n\t\t\t<div class=\"elementor-widget-wrap elementor-element-populated\">\n\t\t\t\t\t\t\t\t<div class=\"elementor-element elementor-element-963e247 elementor-widget elementor-widget-spacer\" data-id=\"963e247\" data-element_type=\"widget\" data-widget_type=\"spacer.default\">\n\t\t\t\t<div class=\"elementor-widget-container\">\n\t\t\t\t\t<div class=\"elementor-spacer\">\n\t\t\t<div class=\"elementor-spacer-inner\"><\/div>\n\t\t<\/div>\n\t\t\t\t<\/div>\n\t\t\t\t<\/div>\n\t\t\t\t\t<\/div>\n\t\t<\/div>\n\t\t\t\t\t\t\t<\/div>\n\t\t<\/section>\n\t\t\t\t\t\t\t<\/div>\n\t\t","protected":false},"excerpt":{"rendered":"<p>El Institut Valenci\u00e0 de Cutura y la Federaci\u00f3 Valenciana de la Ind\u00fastria Musical (Fevim) crean el Anuario de la M\u00fasica Valenciana, un anuario que recoge los principales datos de la industria musical y que nace como respuesta a la falta de un corpus estad\u00edstico propio que permita conocer en profundidad la situaci\u00f3n del sector y [&hellip;]<\/p>\n","protected":false},"author":1,"featured_media":0,"parent":0,"menu_order":0,"comment_status":"closed","ping_status":"closed","template":"elementor_header_footer","meta":{"footnotes":""},"class_list":["post-217","page","type-page","status-publish","hentry"],"_links":{"self":[{"href":"https:\/\/valencianmusicoffice.com\/anuario\/wp-json\/wp\/v2\/pages\/217","targetHints":{"allow":["GET"]}}],"collection":[{"href":"https:\/\/valencianmusicoffice.com\/anuario\/wp-json\/wp\/v2\/pages"}],"about":[{"href":"https:\/\/valencianmusicoffice.com\/anuario\/wp-json\/wp\/v2\/types\/page"}],"author":[{"embeddable":true,"href":"https:\/\/valencianmusicoffice.com\/anuario\/wp-json\/wp\/v2\/users\/1"}],"replies":[{"embeddable":true,"href":"https:\/\/valencianmusicoffice.com\/anuario\/wp-json\/wp\/v2\/comments?post=217"}],"version-history":[{"count":32,"href":"https:\/\/valencianmusicoffice.com\/anuario\/wp-json\/wp\/v2\/pages\/217\/revisions"}],"predecessor-version":[{"id":563,"href":"https:\/\/valencianmusicoffice.com\/anuario\/wp-json\/wp\/v2\/pages\/217\/revisions\/563"}],"wp:attachment":[{"href":"https:\/\/valencianmusicoffice.com\/anuario\/wp-json\/wp\/v2\/media?parent=217"}],"curies":[{"name":"wp","href":"https:\/\/api.w.org\/{rel}","templated":true}]}}